{"id":698,"date":"2025-12-11T11:44:15","date_gmt":"2025-12-11T09:44:15","guid":{"rendered":"https:\/\/www.cosinsart.cat\/espectaculos\/agegantats\/"},"modified":"2026-01-28T11:04:43","modified_gmt":"2026-01-28T09:04:43","slug":"agigantados","status":"publish","type":"page","link":"https:\/\/www.cosinsart.cat\/es\/espectaculos\/agigantados\/","title":{"rendered":"Agigantados"},"content":{"rendered":"","protected":false},"excerpt":{"rendered":"","protected":false},"author":1,"featured_media":0,"parent":650,"menu_order":0,"comment_status":"closed","ping_status":"closed","template":"","meta":{"_acf_changed":false,"footnotes":""},"class_list":["post-698","page","type-page","status-publish","hentry"],"acf":[],"yoast_head":"<!-- This site is optimized with the Yoast SEO plugin v27.4 - https:\/\/yoast.com\/product\/yoast-seo-wordpress\/ -->\n<title>Agigantados | Espect\u00e1culo de gigantes c\u00f3mico<\/title>\n<meta name=\"description\" content=\"Espect\u00e1culo de teatro callejero con gigantes que se rebelan contra sus l\u00edmites. Humor, emoci\u00f3n y diversi\u00f3n para toda la familia en Catalu\u00f1a.\" \/>\n<meta name=\"robots\" content=\"index, follow, max-snippet:-1, max-image-preview:large, max-video-preview:-1\" \/>\n<link rel=\"canonical\" href=\"https:\/\/www.cosinsart.cat\/es\/espectaculos\/agigantados\/\" \/>\n<meta property=\"og:locale\" content=\"es_ES\" \/>\n<meta property=\"og:type\" content=\"article\" \/>\n<meta property=\"og:title\" content=\"Agigantados | Espect\u00e1culo de gigantes c\u00f3mico\" \/>\n<meta property=\"og:description\" content=\"Espect\u00e1culo de teatro callejero con gigantes que se rebelan contra sus l\u00edmites. Humor, emoci\u00f3n y diversi\u00f3n para toda la familia en Catalu\u00f1a.\" \/>\n<meta property=\"og:url\" content=\"https:\/\/www.cosinsart.cat\/es\/espectaculos\/agigantados\/\" \/>\n<meta property=\"og:site_name\" content=\"COSinsART\" \/>\n<meta property=\"article:modified_time\" content=\"2026-01-28T09:04:43+00:00\" \/>\n<meta name=\"twitter:card\" content=\"summary_large_image\" \/>\n<script type=\"application\/ld+json\" class=\"yoast-schema-graph\">{\"@context\":\"https:\\\/\\\/schema.org\",\"@graph\":[{\"@type\":\"WebPage\",\"@id\":\"https:\\\/\\\/www.cosinsart.cat\\\/es\\\/espectaculos\\\/agigantados\\\/\",\"url\":\"https:\\\/\\\/www.cosinsart.cat\\\/es\\\/espectaculos\\\/agigantados\\\/\",\"name\":\"Agigantados | Espect\u00e1culo de gigantes c\u00f3mico\",\"isPartOf\":{\"@id\":\"https:\\\/\\\/www.cosinsart.cat\\\/es\\\/#website\"},\"datePublished\":\"2025-12-11T09:44:15+00:00\",\"dateModified\":\"2026-01-28T09:04:43+00:00\",\"description\":\"Espect\u00e1culo de teatro callejero con gigantes que se rebelan contra sus l\u00edmites. Humor, emoci\u00f3n y diversi\u00f3n para toda la familia en Catalu\u00f1a.\",\"breadcrumb\":{\"@id\":\"https:\\\/\\\/www.cosinsart.cat\\\/es\\\/espectaculos\\\/agigantados\\\/#breadcrumb\"},\"inLanguage\":\"es\",\"potentialAction\":[{\"@type\":\"ReadAction\",\"target\":[\"https:\\\/\\\/www.cosinsart.cat\\\/es\\\/espectaculos\\\/agigantados\\\/\"]}]},{\"@type\":\"BreadcrumbList\",\"@id\":\"https:\\\/\\\/www.cosinsart.cat\\\/es\\\/espectaculos\\\/agigantados\\\/#breadcrumb\",\"itemListElement\":[{\"@type\":\"ListItem\",\"position\":1,\"name\":\"Inici\",\"item\":\"https:\\\/\\\/www.cosinsart.cat\\\/es\\\/\"},{\"@type\":\"ListItem\",\"position\":2,\"name\":\"Espect\u00e1culos\",\"item\":\"https:\\\/\\\/www.cosinsart.cat\\\/es\\\/espectaculos\\\/\"},{\"@type\":\"ListItem\",\"position\":3,\"name\":\"Agigantados\"}]},{\"@type\":\"WebSite\",\"@id\":\"https:\\\/\\\/www.cosinsart.cat\\\/es\\\/#website\",\"url\":\"https:\\\/\\\/www.cosinsart.cat\\\/es\\\/\",\"name\":\"COSinsART\",\"description\":\"\",\"potentialAction\":[{\"@type\":\"SearchAction\",\"target\":{\"@type\":\"EntryPoint\",\"urlTemplate\":\"https:\\\/\\\/www.cosinsart.cat\\\/es\\\/?s={search_term_string}\"},\"query-input\":{\"@type\":\"PropertyValueSpecification\",\"valueRequired\":true,\"valueName\":\"search_term_string\"}}],\"inLanguage\":\"es\"}]}<\/script>\n<!-- \/ Yoast SEO plugin. -->","yoast_head_json":{"title":"Agigantados | Espect\u00e1culo de gigantes c\u00f3mico","description":"Espect\u00e1culo de teatro callejero con gigantes que se rebelan contra sus l\u00edmites. Humor, emoci\u00f3n y diversi\u00f3n para toda la familia en Catalu\u00f1a.","robots":{"index":"index","follow":"follow","max-snippet":"max-snippet:-1","max-image-preview":"max-image-preview:large","max-video-preview":"max-video-preview:-1"},"canonical":"https:\/\/www.cosinsart.cat\/es\/espectaculos\/agigantados\/","og_locale":"es_ES","og_type":"article","og_title":"Agigantados | Espect\u00e1culo de gigantes c\u00f3mico","og_description":"Espect\u00e1culo de teatro callejero con gigantes que se rebelan contra sus l\u00edmites. Humor, emoci\u00f3n y diversi\u00f3n para toda la familia en Catalu\u00f1a.","og_url":"https:\/\/www.cosinsart.cat\/es\/espectaculos\/agigantados\/","og_site_name":"COSinsART","article_modified_time":"2026-01-28T09:04:43+00:00","twitter_card":"summary_large_image","schema":{"@context":"https:\/\/schema.org","@graph":[{"@type":"WebPage","@id":"https:\/\/www.cosinsart.cat\/es\/espectaculos\/agigantados\/","url":"https:\/\/www.cosinsart.cat\/es\/espectaculos\/agigantados\/","name":"Agigantados | Espect\u00e1culo de gigantes c\u00f3mico","isPartOf":{"@id":"https:\/\/www.cosinsart.cat\/es\/#website"},"datePublished":"2025-12-11T09:44:15+00:00","dateModified":"2026-01-28T09:04:43+00:00","description":"Espect\u00e1culo de teatro callejero con gigantes que se rebelan contra sus l\u00edmites. Humor, emoci\u00f3n y diversi\u00f3n para toda la familia en Catalu\u00f1a.","breadcrumb":{"@id":"https:\/\/www.cosinsart.cat\/es\/espectaculos\/agigantados\/#breadcrumb"},"inLanguage":"es","potentialAction":[{"@type":"ReadAction","target":["https:\/\/www.cosinsart.cat\/es\/espectaculos\/agigantados\/"]}]},{"@type":"BreadcrumbList","@id":"https:\/\/www.cosinsart.cat\/es\/espectaculos\/agigantados\/#breadcrumb","itemListElement":[{"@type":"ListItem","position":1,"name":"Inici","item":"https:\/\/www.cosinsart.cat\/es\/"},{"@type":"ListItem","position":2,"name":"Espect\u00e1culos","item":"https:\/\/www.cosinsart.cat\/es\/espectaculos\/"},{"@type":"ListItem","position":3,"name":"Agigantados"}]},{"@type":"WebSite","@id":"https:\/\/www.cosinsart.cat\/es\/#website","url":"https:\/\/www.cosinsart.cat\/es\/","name":"COSinsART","description":"","potentialAction":[{"@type":"SearchAction","target":{"@type":"EntryPoint","urlTemplate":"https:\/\/www.cosinsart.cat\/es\/?s={search_term_string}"},"query-input":{"@type":"PropertyValueSpecification","valueRequired":true,"valueName":"search_term_string"}}],"inLanguage":"es"}]}},"_links":{"self":[{"href":"https:\/\/www.cosinsart.cat\/es\/wp-json\/wp\/v2\/pages\/698","targetHints":{"allow":["GET"]}}],"collection":[{"href":"https:\/\/www.cosinsart.cat\/es\/wp-json\/wp\/v2\/pages"}],"about":[{"href":"https:\/\/www.cosinsart.cat\/es\/wp-json\/wp\/v2\/types\/page"}],"author":[{"embeddable":true,"href":"https:\/\/www.cosinsart.cat\/es\/wp-json\/wp\/v2\/users\/1"}],"replies":[{"embeddable":true,"href":"https:\/\/www.cosinsart.cat\/es\/wp-json\/wp\/v2\/comments?post=698"}],"version-history":[{"count":1,"href":"https:\/\/www.cosinsart.cat\/es\/wp-json\/wp\/v2\/pages\/698\/revisions"}],"predecessor-version":[{"id":699,"href":"https:\/\/www.cosinsart.cat\/es\/wp-json\/wp\/v2\/pages\/698\/revisions\/699"}],"up":[{"embeddable":true,"href":"https:\/\/www.cosinsart.cat\/es\/wp-json\/wp\/v2\/pages\/650"}],"wp:attachment":[{"href":"https:\/\/www.cosinsart.cat\/es\/wp-json\/wp\/v2\/media?parent=698"}],"curies":[{"name":"wp","href":"https:\/\/api.w.org\/{rel}","templated":true}]}}