{"id":706,"date":"2026-01-20T15:59:13","date_gmt":"2026-01-20T13:59:13","guid":{"rendered":"https:\/\/www.cosinsart.cat\/espectaculos\/marro-de-bruixes\/"},"modified":"2026-01-28T10:40:29","modified_gmt":"2026-01-28T08:40:29","slug":"marro-brujas","status":"publish","type":"page","link":"https:\/\/www.cosinsart.cat\/es\/espectaculos\/marro-brujas\/","title":{"rendered":"Marro de Brujas"},"content":{"rendered":"","protected":false},"excerpt":{"rendered":"","protected":false},"author":1,"featured_media":0,"parent":650,"menu_order":0,"comment_status":"closed","ping_status":"closed","template":"","meta":{"_acf_changed":false,"footnotes":""},"class_list":["post-706","page","type-page","status-publish","hentry"],"acf":[],"yoast_head":"<!-- This site is optimized with the Yoast SEO plugin v27.4 - https:\/\/yoast.com\/product\/yoast-seo-wordpress\/ -->\n<title>Marro de Brujas | Teatro infantil y familiar<\/title>\n<meta name=\"description\" content=\"Espect\u00e1culo infantil de teatro callejero con cuatro brujas n\u00f3madas. Teatro participativo y m\u00e1gico dentro de una olla gigante para p\u00fablico familiar.\" \/>\n<meta name=\"robots\" content=\"index, follow, max-snippet:-1, max-image-preview:large, max-video-preview:-1\" \/>\n<link rel=\"canonical\" href=\"https:\/\/www.cosinsart.cat\/es\/espectaculos\/marro-brujas\/\" \/>\n<meta property=\"og:locale\" content=\"es_ES\" \/>\n<meta property=\"og:type\" content=\"article\" \/>\n<meta property=\"og:title\" content=\"Marro de Brujas | Teatro infantil y familiar\" \/>\n<meta property=\"og:description\" content=\"Espect\u00e1culo infantil de teatro callejero con cuatro brujas n\u00f3madas. Teatro participativo y m\u00e1gico dentro de una olla gigante para p\u00fablico familiar.\" \/>\n<meta property=\"og:url\" content=\"https:\/\/www.cosinsart.cat\/es\/espectaculos\/marro-brujas\/\" \/>\n<meta property=\"og:site_name\" content=\"COSinsART\" \/>\n<meta property=\"article:modified_time\" content=\"2026-01-28T08:40:29+00:00\" \/>\n<meta name=\"twitter:card\" content=\"summary_large_image\" \/>\n<script type=\"application\/ld+json\" class=\"yoast-schema-graph\">{\"@context\":\"https:\\\/\\\/schema.org\",\"@graph\":[{\"@type\":\"WebPage\",\"@id\":\"https:\\\/\\\/www.cosinsart.cat\\\/es\\\/espectaculos\\\/marro-brujas\\\/\",\"url\":\"https:\\\/\\\/www.cosinsart.cat\\\/es\\\/espectaculos\\\/marro-brujas\\\/\",\"name\":\"Marro de Brujas | Teatro infantil y familiar\",\"isPartOf\":{\"@id\":\"https:\\\/\\\/www.cosinsart.cat\\\/es\\\/#website\"},\"datePublished\":\"2026-01-20T13:59:13+00:00\",\"dateModified\":\"2026-01-28T08:40:29+00:00\",\"description\":\"Espect\u00e1culo infantil de teatro callejero con cuatro brujas n\u00f3madas. Teatro participativo y m\u00e1gico dentro de una olla gigante para p\u00fablico familiar.\",\"breadcrumb\":{\"@id\":\"https:\\\/\\\/www.cosinsart.cat\\\/es\\\/espectaculos\\\/marro-brujas\\\/#breadcrumb\"},\"inLanguage\":\"es\",\"potentialAction\":[{\"@type\":\"ReadAction\",\"target\":[\"https:\\\/\\\/www.cosinsart.cat\\\/es\\\/espectaculos\\\/marro-brujas\\\/\"]}]},{\"@type\":\"BreadcrumbList\",\"@id\":\"https:\\\/\\\/www.cosinsart.cat\\\/es\\\/espectaculos\\\/marro-brujas\\\/#breadcrumb\",\"itemListElement\":[{\"@type\":\"ListItem\",\"position\":1,\"name\":\"Inici\",\"item\":\"https:\\\/\\\/www.cosinsart.cat\\\/es\\\/\"},{\"@type\":\"ListItem\",\"position\":2,\"name\":\"Espect\u00e1culos\",\"item\":\"https:\\\/\\\/www.cosinsart.cat\\\/es\\\/espectaculos\\\/\"},{\"@type\":\"ListItem\",\"position\":3,\"name\":\"Marro de Brujas\"}]},{\"@type\":\"WebSite\",\"@id\":\"https:\\\/\\\/www.cosinsart.cat\\\/es\\\/#website\",\"url\":\"https:\\\/\\\/www.cosinsart.cat\\\/es\\\/\",\"name\":\"COSinsART\",\"description\":\"\",\"potentialAction\":[{\"@type\":\"SearchAction\",\"target\":{\"@type\":\"EntryPoint\",\"urlTemplate\":\"https:\\\/\\\/www.cosinsart.cat\\\/es\\\/?s={search_term_string}\"},\"query-input\":{\"@type\":\"PropertyValueSpecification\",\"valueRequired\":true,\"valueName\":\"search_term_string\"}}],\"inLanguage\":\"es\"}]}<\/script>\n<!-- \/ Yoast SEO plugin. -->","yoast_head_json":{"title":"Marro de Brujas | Teatro infantil y familiar","description":"Espect\u00e1culo infantil de teatro callejero con cuatro brujas n\u00f3madas. Teatro participativo y m\u00e1gico dentro de una olla gigante para p\u00fablico familiar.","robots":{"index":"index","follow":"follow","max-snippet":"max-snippet:-1","max-image-preview":"max-image-preview:large","max-video-preview":"max-video-preview:-1"},"canonical":"https:\/\/www.cosinsart.cat\/es\/espectaculos\/marro-brujas\/","og_locale":"es_ES","og_type":"article","og_title":"Marro de Brujas | Teatro infantil y familiar","og_description":"Espect\u00e1culo infantil de teatro callejero con cuatro brujas n\u00f3madas. Teatro participativo y m\u00e1gico dentro de una olla gigante para p\u00fablico familiar.","og_url":"https:\/\/www.cosinsart.cat\/es\/espectaculos\/marro-brujas\/","og_site_name":"COSinsART","article_modified_time":"2026-01-28T08:40:29+00:00","twitter_card":"summary_large_image","schema":{"@context":"https:\/\/schema.org","@graph":[{"@type":"WebPage","@id":"https:\/\/www.cosinsart.cat\/es\/espectaculos\/marro-brujas\/","url":"https:\/\/www.cosinsart.cat\/es\/espectaculos\/marro-brujas\/","name":"Marro de Brujas | Teatro infantil y familiar","isPartOf":{"@id":"https:\/\/www.cosinsart.cat\/es\/#website"},"datePublished":"2026-01-20T13:59:13+00:00","dateModified":"2026-01-28T08:40:29+00:00","description":"Espect\u00e1culo infantil de teatro callejero con cuatro brujas n\u00f3madas. Teatro participativo y m\u00e1gico dentro de una olla gigante para p\u00fablico familiar.","breadcrumb":{"@id":"https:\/\/www.cosinsart.cat\/es\/espectaculos\/marro-brujas\/#breadcrumb"},"inLanguage":"es","potentialAction":[{"@type":"ReadAction","target":["https:\/\/www.cosinsart.cat\/es\/espectaculos\/marro-brujas\/"]}]},{"@type":"BreadcrumbList","@id":"https:\/\/www.cosinsart.cat\/es\/espectaculos\/marro-brujas\/#breadcrumb","itemListElement":[{"@type":"ListItem","position":1,"name":"Inici","item":"https:\/\/www.cosinsart.cat\/es\/"},{"@type":"ListItem","position":2,"name":"Espect\u00e1culos","item":"https:\/\/www.cosinsart.cat\/es\/espectaculos\/"},{"@type":"ListItem","position":3,"name":"Marro de Brujas"}]},{"@type":"WebSite","@id":"https:\/\/www.cosinsart.cat\/es\/#website","url":"https:\/\/www.cosinsart.cat\/es\/","name":"COSinsART","description":"","potentialAction":[{"@type":"SearchAction","target":{"@type":"EntryPoint","urlTemplate":"https:\/\/www.cosinsart.cat\/es\/?s={search_term_string}"},"query-input":{"@type":"PropertyValueSpecification","valueRequired":true,"valueName":"search_term_string"}}],"inLanguage":"es"}]}},"_links":{"self":[{"href":"https:\/\/www.cosinsart.cat\/es\/wp-json\/wp\/v2\/pages\/706","targetHints":{"allow":["GET"]}}],"collection":[{"href":"https:\/\/www.cosinsart.cat\/es\/wp-json\/wp\/v2\/pages"}],"about":[{"href":"https:\/\/www.cosinsart.cat\/es\/wp-json\/wp\/v2\/types\/page"}],"author":[{"embeddable":true,"href":"https:\/\/www.cosinsart.cat\/es\/wp-json\/wp\/v2\/users\/1"}],"replies":[{"embeddable":true,"href":"https:\/\/www.cosinsart.cat\/es\/wp-json\/wp\/v2\/comments?post=706"}],"version-history":[{"count":2,"href":"https:\/\/www.cosinsart.cat\/es\/wp-json\/wp\/v2\/pages\/706\/revisions"}],"predecessor-version":[{"id":735,"href":"https:\/\/www.cosinsart.cat\/es\/wp-json\/wp\/v2\/pages\/706\/revisions\/735"}],"up":[{"embeddable":true,"href":"https:\/\/www.cosinsart.cat\/es\/wp-json\/wp\/v2\/pages\/650"}],"wp:attachment":[{"href":"https:\/\/www.cosinsart.cat\/es\/wp-json\/wp\/v2\/media?parent=706"}],"curies":[{"name":"wp","href":"https:\/\/api.w.org\/{rel}","templated":true}]}}